{"id":9719,"date":"2023-01-24T07:25:28","date_gmt":"2023-01-24T05:25:28","guid":{"rendered":"https:\/\/ecorum.fi\/toimitilavuokraus\/"},"modified":"2024-09-13T12:23:29","modified_gmt":"2024-09-13T09:23:29","slug":"leasing-services","status":"publish","type":"page","link":"https:\/\/ecorum.fi\/en\/leasing-services\/","title":{"rendered":"For corporate clients"},"content":{"rendered":"\t\t<div data-elementor-type=\"wp-page\" data-elementor-id=\"9719\" class=\"elementor elementor-9719 elementor-7159\" data-elementor-post-type=\"page\">\n\t\t\t\t\t\t\t\t\t<section class=\"has_eae_slider elementor-section elementor-top-section elementor-element elementor-element-4edbc36 elementor-section-stretched elementor-section-full_width elementor-section-height-min-height elementor-section-height-default elementor-section-items-middle\" data-id=\"4edbc36\" data-element_type=\"section\" data-settings=\"{&quot;stretch_section&quot;:&quot;section-stretched&quot;,&quot;background_background&quot;:&quot;classic&quot;}\">\n\t\t\t\t\t\t<div class=\"elementor-container elementor-column-gap-no\">\n\t\t\t\t\t<div class=\"has_eae_slider elementor-column elementor-col-100 elementor-top-column elementor-element elementor-element-42e9dfd\" data-id=\"42e9dfd\" data-element_type=\"column\">\n\t\t\t<div class=\"elementor-widget-wrap elementor-element-populated\">\n\t\t\t\t\t\t\t\t<div class=\"elementor-element elementor-element-b6aa356 elementor-widget__width-auto elementor-widget elementor-widget-heading\" data-id=\"b6aa356\" data-element_type=\"widget\" data-widget_type=\"heading.default\">\n\t\t\t\t<div class=\"elementor-widget-container\">\n\t\t\t<h1 class=\"elementor-heading-title elementor-size-default\">For corporate clients<\/h1>\t\t<\/div>\n\t\t\t\t<\/div>\n\t\t\t\t\t<\/div>\n\t\t<\/div>\n\t\t\t\t\t\t\t<\/div>\n\t\t<\/section>\n\t\t\t\t<section class=\"has_eae_slider elementor-section elementor-top-section elementor-element elementor-element-fb26e01 elementor-section-boxed elementor-section-height-default elementor-section-height-default\" data-id=\"fb26e01\" data-element_type=\"section\">\n\t\t\t\t\t\t<div class=\"elementor-container elementor-column-gap-default\">\n\t\t\t\t\t<div class=\"has_eae_slider elementor-column elementor-col-100 elementor-top-column elementor-element elementor-element-34c4ca6\" data-id=\"34c4ca6\" data-element_type=\"column\">\n\t\t\t<div class=\"elementor-widget-wrap elementor-element-populated\">\n\t\t\t\t\t\t\t\t<div class=\"elementor-element elementor-element-46855e4 elementor-widget elementor-widget-wp-widget-text\" data-id=\"46855e4\" data-element_type=\"widget\" data-widget_type=\"wp-widget-text.default\">\n\t\t\t\t<div class=\"elementor-widget-container\">\n\t\t\t\t\t\t<div class=\"textwidget\"><h3>Corporate Consultancy<\/h3>\n<p>Our corporate advisory services are primarily used by corporate clients considering new and more suitable premises or optimizing their current space usage and leasing costs. Once the client\u2019s needs and objectives have been specified, we examine the market for best property alternatives available.<\/p>\n<h3>Tenant Representation<\/h3>\n<p>At some point, all organizations need to relocate or at least reconsider their space usage. We safeguard our client\u2019s interests throughout the entire process and advise corporate management in achieving their targets.<br \/>\nWe lead and provide advice in lease agreement negotiations and make sure that our client\u2019s objectives are clearly outlined and recorded in the following agreement. <\/p>\n<\/div>\n\t\t\t\t<\/div>\n\t\t\t\t<\/div>\n\t\t\t\t\t<\/div>\n\t\t<\/div>\n\t\t\t\t\t\t\t<\/div>\n\t\t<\/section>\n\t\t\t\t<section class=\"has_eae_slider elementor-section elementor-top-section elementor-element elementor-element-aca8965 elementor-section-boxed elementor-section-height-default elementor-section-height-default\" data-id=\"aca8965\" data-element_type=\"section\">\n\t\t\t\t\t\t<div class=\"elementor-container elementor-column-gap-default\">\n\t\t\t\t\t<div class=\"has_eae_slider elementor-column elementor-col-100 elementor-top-column elementor-element elementor-element-a71f89c\" data-id=\"a71f89c\" data-element_type=\"column\">\n\t\t\t<div class=\"elementor-widget-wrap elementor-element-populated\">\n\t\t\t\t\t\t\t\t<div class=\"elementor-element elementor-element-2d51177 elementor-widget elementor-widget-heading\" data-id=\"2d51177\" data-element_type=\"widget\" data-widget_type=\"heading.default\">\n\t\t\t\t<div class=\"elementor-widget-container\">\n\t\t\t<h3 class=\"elementor-heading-title elementor-size-default\">recent references<\/h3>\t\t<\/div>\n\t\t\t\t<\/div>\n\t\t\t\t\t<\/div>\n\t\t<\/div>\n\t\t\t\t\t\t\t<\/div>\n\t\t<\/section>\n\t\t\t\t<section class=\"has_eae_slider elementor-section elementor-top-section elementor-element elementor-element-65bd8eb elementor-section-boxed elementor-section-height-default elementor-section-height-default\" data-id=\"65bd8eb\" data-element_type=\"section\">\n\t\t\t\t\t\t<div class=\"elementor-container elementor-column-gap-default\">\n\t\t\t\t\t<div class=\"has_eae_slider elementor-column elementor-col-100 elementor-top-column elementor-element elementor-element-243188a\" data-id=\"243188a\" data-element_type=\"column\">\n\t\t\t<div class=\"elementor-widget-wrap elementor-element-populated\">\n\t\t\t\t\t\t\t\t<section class=\"has_eae_slider elementor-section elementor-inner-section elementor-element elementor-element-17660a3 elementor-section-boxed elementor-section-height-default elementor-section-height-default\" data-id=\"17660a3\" data-element_type=\"section\">\n\t\t\t\t\t\t<div class=\"elementor-container elementor-column-gap-no\">\n\t\t\t\t\t<div class=\"has_eae_slider elementor-column elementor-col-25 elementor-inner-column elementor-element elementor-element-1939ce1 nostot2\" data-id=\"1939ce1\" data-element_type=\"column\">\n\t\t\t<div class=\"elementor-widget-wrap elementor-element-populated\">\n\t\t\t\t\t\t\t\t<div class=\"elementor-element elementor-element-59e5350 nostokuva2 elementor-widget elementor-widget-image\" data-id=\"59e5350\" data-element_type=\"widget\" data-widget_type=\"image.default\">\n\t\t\t\t<div class=\"elementor-widget-container\">\n\t\t\t\t\t\t\t\t\t\t\t\t\t\t\t<img loading=\"lazy\" decoding=\"async\" width=\"300\" height=\"214\" src=\"https:\/\/ecorum.fi\/wp-content\/uploads\/2020\/08\/kansakoulukuja3-nosto-300x214.jpg\" class=\"attachment-medium size-medium wp-image-7628\" alt=\"\" srcset=\"https:\/\/ecorum.fi\/wp-content\/uploads\/2020\/08\/kansakoulukuja3-nosto-300x214.jpg 300w, https:\/\/ecorum.fi\/wp-content\/uploads\/2020\/08\/kansakoulukuja3-nosto-768x549.jpg 768w, https:\/\/ecorum.fi\/wp-content\/uploads\/2020\/08\/kansakoulukuja3-nosto.jpg 812w\" sizes=\"(max-width: 300px) 100vw, 300px\" \/>\t\t\t\t\t\t\t\t\t\t\t\t\t\t\t<\/div>\n\t\t\t\t<\/div>\n\t\t\t\t<div class=\"elementor-element elementor-element-499dc4f nostologo2 elementor-widget elementor-widget-image\" data-id=\"499dc4f\" data-element_type=\"widget\" data-widget_type=\"image.default\">\n\t\t\t\t<div class=\"elementor-widget-container\">\n\t\t\t\t\t\t\t\t\t\t\t\t\t\t\t<img loading=\"lazy\" decoding=\"async\" width=\"479\" height=\"225\" src=\"https:\/\/ecorum.fi\/wp-content\/uploads\/2020\/08\/helsinki-hk-1.png\" class=\"attachment-large size-large wp-image-6675\" alt=\"\" srcset=\"https:\/\/ecorum.fi\/wp-content\/uploads\/2020\/08\/helsinki-hk-1.png 479w, https:\/\/ecorum.fi\/wp-content\/uploads\/2020\/08\/helsinki-hk-1-300x141.png 300w\" sizes=\"(max-width: 479px) 100vw, 479px\" \/>\t\t\t\t\t\t\t\t\t\t\t\t\t\t\t<\/div>\n\t\t\t\t<\/div>\n\t\t\t\t<div class=\"elementor-element elementor-element-746d8b7 nostoteksti2 elementor-widget elementor-widget-text-editor\" data-id=\"746d8b7\" data-element_type=\"widget\" data-widget_type=\"text-editor.default\">\n\t\t\t\t<div class=\"elementor-widget-container\">\n\t\t\t\t\t\t\t<p>New premises for the Economic Development department of Helsinki City<\/p>\t\t\t\t\t\t<\/div>\n\t\t\t\t<\/div>\n\t\t\t\t<div class=\"elementor-element elementor-element-af77f33 nostoteksti-b elementor-widget elementor-widget-text-editor\" data-id=\"af77f33\" data-element_type=\"widget\" data-widget_type=\"text-editor.default\">\n\t\t\t\t<div class=\"elementor-widget-container\">\n\t\t\t\t\t\t\t<p style=\"text-align: center;\">Fall 2022<\/p>\t\t\t\t\t\t<\/div>\n\t\t\t\t<\/div>\n\t\t\t\t<div class=\"elementor-element elementor-element-7d7c8d7 nappibottom elementor-widget elementor-widget-button\" data-id=\"7d7c8d7\" data-element_type=\"widget\" data-widget_type=\"button.default\">\n\t\t\t\t<div class=\"elementor-widget-container\">\n\t\t\t\t\t<div class=\"elementor-button-wrapper\">\n\t\t\t<a class=\"elementor-button elementor-button-link elementor-size-sm\" href=\"https:\/\/ecorum.fi\/en\/ecorum-finds-new-premises-for-the-economic-development-department-of-helsinki-city\/\">\n\t\t\t\t\t\t<span class=\"elementor-button-content-wrapper\">\n\t\t\t\t\t\t<span class=\"elementor-button-text\">Commercial Leasing<\/span>\n\t\t<\/span>\n\t\t\t\t\t<\/a>\n\t\t<\/div>\n\t\t\t\t<\/div>\n\t\t\t\t<\/div>\n\t\t\t\t\t<\/div>\n\t\t<\/div>\n\t\t\t\t<div class=\"has_eae_slider elementor-column elementor-col-25 elementor-inner-column elementor-element elementor-element-8cf1df4 nostot0\" data-id=\"8cf1df4\" data-element_type=\"column\">\n\t\t\t<div class=\"elementor-widget-wrap\">\n\t\t\t\t\t\t\t\t\t<\/div>\n\t\t<\/div>\n\t\t\t\t<div class=\"has_eae_slider elementor-column elementor-col-25 elementor-inner-column elementor-element elementor-element-52d1b83 nostot0\" data-id=\"52d1b83\" data-element_type=\"column\">\n\t\t\t<div class=\"elementor-widget-wrap\">\n\t\t\t\t\t\t\t\t\t<\/div>\n\t\t<\/div>\n\t\t\t\t<div class=\"has_eae_slider elementor-column elementor-col-25 elementor-inner-column elementor-element elementor-element-8e4ceed nostot0\" data-id=\"8e4ceed\" data-element_type=\"column\">\n\t\t\t<div class=\"elementor-widget-wrap\">\n\t\t\t\t\t\t\t\t\t<\/div>\n\t\t<\/div>\n\t\t\t\t\t\t\t<\/div>\n\t\t<\/section>\n\t\t\t\t\t<\/div>\n\t\t<\/div>\n\t\t\t\t\t\t\t<\/div>\n\t\t<\/section>\n\t\t\t\t<section class=\"has_eae_slider elementor-section elementor-top-section elementor-element elementor-element-28a4e56 elementor-section-boxed elementor-section-height-default elementor-section-height-default\" data-id=\"28a4e56\" data-element_type=\"section\">\n\t\t\t\t\t\t<div class=\"elementor-container elementor-column-gap-default\">\n\t\t\t\t\t<div class=\"has_eae_slider elementor-column elementor-col-100 elementor-top-column elementor-element elementor-element-4d12e20 referenssilistat\" data-id=\"4d12e20\" data-element_type=\"column\">\n\t\t\t<div class=\"elementor-widget-wrap elementor-element-populated\">\n\t\t\t\t\t\t\t\t<div class=\"elementor-element elementor-element-f8049eb nayta-kiintestokaupat elementor-widget elementor-widget-text-editor\" data-id=\"f8049eb\" data-element_type=\"widget\" data-widget_type=\"text-editor.default\">\n\t\t\t\t<div class=\"elementor-widget-container\">\n\t\t\t\t\t\t\t<h4>Property transactions<\/h4>\t\t\t\t\t\t<\/div>\n\t\t\t\t<\/div>\n\t\t\t\t<div class=\"elementor-element elementor-element-20b1838 nayta-vuorkalaisedustus elementor-widget elementor-widget-text-editor\" data-id=\"20b1838\" data-element_type=\"widget\" data-widget_type=\"text-editor.default\">\n\t\t\t\t<div class=\"elementor-widget-container\">\n\t\t\t\t\t\t\t<h4>Tenant representation<\/h4>\t\t\t\t\t\t<\/div>\n\t\t\t\t<\/div>\n\t\t\t\t<div class=\"elementor-element elementor-element-f4f2051 nayta-kiinteistokehitys elementor-widget elementor-widget-text-editor\" data-id=\"f4f2051\" data-element_type=\"widget\" data-widget_type=\"text-editor.default\">\n\t\t\t\t<div class=\"elementor-widget-container\">\n\t\t\t\t\t\t\t<h4>Property development<\/h4>\t\t\t\t\t\t<\/div>\n\t\t\t\t<\/div>\n\t\t\t\t\t<\/div>\n\t\t<\/div>\n\t\t\t\t\t\t\t<\/div>\n\t\t<\/section>\n\t\t\t\t\t\t\t<\/div>\n\t\t","protected":false},"excerpt":{"rendered":"<p>Kiinteist\u00f6kehityksess\u00e4 teemme muutoksia mm. kiinteist\u00f6n kuntoon, kaavoitukseen, k\u00e4ytt\u00f6tarkoitukseen, vuokrattavuuteen, rahoitukseen ja omistusrakenteeseen.<\/p>\n","protected":false},"author":1,"featured_media":4804,"parent":0,"menu_order":0,"comment_status":"closed","ping_status":"closed","template":"","meta":{"footnotes":"","_links_to":"","_links_to_target":""},"acf":[],"yoast_head":"<!-- This site is optimized with the Yoast SEO plugin v23.3 - https:\/\/yoast.com\/wordpress\/plugins\/seo\/ -->\n<title>Toimitilavuokraus Helsinki, Espoo, Vantaa | Ecorum | Ecorum<\/title>\n<meta name=\"description\" content=\"Kun toimitilahaku on ajankohtaista, Ecorum tarjoaa asiantuntevaa toimitilavuokrausta Helsingin, Espoon ja Vantaan alueella. Tutustu vuokrauspalveluumme!\" \/>\n<meta name=\"robots\" content=\"index, follow, max-snippet:-1, max-image-preview:large, max-video-preview:-1\" \/>\n<link rel=\"canonical\" href=\"https:\/\/ecorum.fi\/en\/leasing-services\/\" \/>\n<meta property=\"og:locale\" content=\"en_US\" \/>\n<meta property=\"og:type\" content=\"article\" \/>\n<meta property=\"og:title\" content=\"Kiinteist\u00f6kehitys\" \/>\n<meta property=\"og:description\" content=\"Kiinteist\u00f6kehityksess\u00e4 teemme muutoksia mm. kiinteist\u00f6n kuntoon, kaavoitukseen, k\u00e4ytt\u00f6tarkoitukseen, vuokrattavuuteen, rahoitukseen ja omistusrakenteeseen.\" \/>\n<meta property=\"og:url\" content=\"https:\/\/ecorum.fi\/en\/leasing-services\/\" \/>\n<meta property=\"og:site_name\" content=\"Ecorum\" \/>\n<meta property=\"article:modified_time\" content=\"2024-09-13T09:23:29+00:00\" \/>\n<meta property=\"og:image\" content=\"https:\/\/ecorum.fi\/wp-content\/uploads\/2021\/10\/if-lasikatto-paakuvva.jpg\" \/>\n\t<meta property=\"og:image:width\" content=\"1900\" \/>\n\t<meta property=\"og:image:height\" content=\"1267\" \/>\n\t<meta property=\"og:image:type\" content=\"image\/jpeg\" \/>\n<meta name=\"twitter:card\" content=\"summary_large_image\" \/>\n<meta name=\"twitter:title\" content=\"Kiinteist\u00f6kehitys\" \/>\n<meta name=\"twitter:description\" content=\"Kiinteist\u00f6kehityksess\u00e4 teemme muutoksia mm. kiinteist\u00f6n kuntoon, kaavoitukseen, k\u00e4ytt\u00f6tarkoitukseen, vuokrattavuuteen, rahoitukseen ja omistusrakenteeseen.\" \/>\n<meta name=\"twitter:label1\" content=\"Est. reading time\" \/>\n\t<meta name=\"twitter:data1\" content=\"9 minutes\" \/>\n<script type=\"application\/ld+json\" class=\"yoast-schema-graph\">{\"@context\":\"https:\/\/schema.org\",\"@graph\":[{\"@type\":\"NewsArticle\",\"@id\":\"https:\/\/ecorum.fi\/en\/leasing-services\/#article\",\"isPartOf\":{\"@id\":\"https:\/\/ecorum.fi\/en\/leasing-services\/\"},\"author\":{\"name\":\"ecorumadmin1\",\"@id\":\"https:\/\/ecorum.fi\/#\/schema\/person\/8ae9b6cb4dabc27b361a700ac8c1689b\"},\"headline\":\"For corporate clients\",\"datePublished\":\"2023-01-24T05:25:28+00:00\",\"dateModified\":\"2024-09-13T09:23:29+00:00\",\"mainEntityOfPage\":{\"@id\":\"https:\/\/ecorum.fi\/en\/leasing-services\/\"},\"wordCount\":24,\"publisher\":{\"@id\":\"https:\/\/ecorum.fi\/#organization\"},\"image\":{\"@id\":\"https:\/\/ecorum.fi\/en\/leasing-services\/#primaryimage\"},\"thumbnailUrl\":\"https:\/\/ecorum.fi\/wp-content\/uploads\/2021\/10\/if-lasikatto-paakuvva.jpg\",\"articleSection\":[\"2 &#8211; Palvelut\",\"2022\"],\"inLanguage\":\"en-US\"},{\"@type\":[\"WebPage\",\"RealEstateListing\"],\"@id\":\"https:\/\/ecorum.fi\/en\/leasing-services\/\",\"url\":\"https:\/\/ecorum.fi\/en\/leasing-services\/\",\"name\":\"Toimitilavuokraus Helsinki, Espoo, Vantaa | Ecorum | Ecorum\",\"isPartOf\":{\"@id\":\"https:\/\/ecorum.fi\/#website\"},\"primaryImageOfPage\":{\"@id\":\"https:\/\/ecorum.fi\/en\/leasing-services\/#primaryimage\"},\"image\":{\"@id\":\"https:\/\/ecorum.fi\/en\/leasing-services\/#primaryimage\"},\"thumbnailUrl\":\"https:\/\/ecorum.fi\/wp-content\/uploads\/2021\/10\/if-lasikatto-paakuvva.jpg\",\"datePublished\":\"2023-01-24T05:25:28+00:00\",\"dateModified\":\"2024-09-13T09:23:29+00:00\",\"description\":\"Kun toimitilahaku on ajankohtaista, Ecorum tarjoaa asiantuntevaa toimitilavuokrausta Helsingin, Espoon ja Vantaan alueella. Tutustu vuokrauspalveluumme!\",\"breadcrumb\":{\"@id\":\"https:\/\/ecorum.fi\/en\/leasing-services\/#breadcrumb\"},\"inLanguage\":\"en-US\",\"potentialAction\":[{\"@type\":\"ReadAction\",\"target\":[\"https:\/\/ecorum.fi\/en\/leasing-services\/\"]}]},{\"@type\":\"ImageObject\",\"inLanguage\":\"en-US\",\"@id\":\"https:\/\/ecorum.fi\/en\/leasing-services\/#primaryimage\",\"url\":\"https:\/\/ecorum.fi\/wp-content\/uploads\/2021\/10\/if-lasikatto-paakuvva.jpg\",\"contentUrl\":\"https:\/\/ecorum.fi\/wp-content\/uploads\/2021\/10\/if-lasikatto-paakuvva.jpg\",\"width\":1900,\"height\":1267},{\"@type\":\"BreadcrumbList\",\"@id\":\"https:\/\/ecorum.fi\/en\/leasing-services\/#breadcrumb\",\"itemListElement\":[{\"@type\":\"ListItem\",\"position\":1,\"name\":\"Home\",\"item\":\"https:\/\/ecorum.fi\/\"},{\"@type\":\"ListItem\",\"position\":2,\"name\":\"For corporate clients\"}]},{\"@type\":\"WebSite\",\"@id\":\"https:\/\/ecorum.fi\/#website\",\"url\":\"https:\/\/ecorum.fi\/\",\"name\":\"Ecorum\",\"description\":\"Kiinteist&ouml;kaupat, Vuokrauspalvelut, Kiinteist&ouml;kehitys\",\"publisher\":{\"@id\":\"https:\/\/ecorum.fi\/#organization\"},\"potentialAction\":[{\"@type\":\"SearchAction\",\"target\":{\"@type\":\"EntryPoint\",\"urlTemplate\":\"https:\/\/ecorum.fi\/?s={search_term_string}\"},\"query-input\":\"required name=search_term_string\"}],\"inLanguage\":\"en-US\"},{\"@type\":\"Organization\",\"@id\":\"https:\/\/ecorum.fi\/#organization\",\"name\":\"Ecorum\",\"url\":\"https:\/\/ecorum.fi\/\",\"logo\":{\"@type\":\"ImageObject\",\"inLanguage\":\"en-US\",\"@id\":\"https:\/\/ecorum.fi\/#\/schema\/logo\/image\/\",\"url\":\"https:\/\/ecorum.fi\/wp-content\/uploads\/2020\/08\/ecorum_logo.svg\",\"contentUrl\":\"https:\/\/ecorum.fi\/wp-content\/uploads\/2020\/08\/ecorum_logo.svg\",\"caption\":\"Ecorum\"},\"image\":{\"@id\":\"https:\/\/ecorum.fi\/#\/schema\/logo\/image\/\"}},{\"@type\":\"Person\",\"@id\":\"https:\/\/ecorum.fi\/#\/schema\/person\/8ae9b6cb4dabc27b361a700ac8c1689b\",\"name\":\"ecorumadmin1\",\"sameAs\":[\"https:\/\/ecorum.fi\"],\"url\":\"https:\/\/ecorum.fi\/en\/author\/ecorumadmin1\/\"}]}<\/script>\n<!-- \/ Yoast SEO plugin. -->","yoast_head_json":{"title":"Toimitilavuokraus Helsinki, Espoo, Vantaa | Ecorum | Ecorum","description":"Kun toimitilahaku on ajankohtaista, Ecorum tarjoaa asiantuntevaa toimitilavuokrausta Helsingin, Espoon ja Vantaan alueella. Tutustu vuokrauspalveluumme!","robots":{"index":"index","follow":"follow","max-snippet":"max-snippet:-1","max-image-preview":"max-image-preview:large","max-video-preview":"max-video-preview:-1"},"canonical":"https:\/\/ecorum.fi\/en\/leasing-services\/","og_locale":"en_US","og_type":"article","og_title":"Kiinteist\u00f6kehitys","og_description":"Kiinteist\u00f6kehityksess\u00e4 teemme muutoksia mm. kiinteist\u00f6n kuntoon, kaavoitukseen, k\u00e4ytt\u00f6tarkoitukseen, vuokrattavuuteen, rahoitukseen ja omistusrakenteeseen.","og_url":"https:\/\/ecorum.fi\/en\/leasing-services\/","og_site_name":"Ecorum","article_modified_time":"2024-09-13T09:23:29+00:00","og_image":[{"width":1900,"height":1267,"url":"https:\/\/ecorum.fi\/wp-content\/uploads\/2021\/10\/if-lasikatto-paakuvva.jpg","type":"image\/jpeg"}],"twitter_card":"summary_large_image","twitter_title":"Kiinteist\u00f6kehitys","twitter_description":"Kiinteist\u00f6kehityksess\u00e4 teemme muutoksia mm. kiinteist\u00f6n kuntoon, kaavoitukseen, k\u00e4ytt\u00f6tarkoitukseen, vuokrattavuuteen, rahoitukseen ja omistusrakenteeseen.","twitter_misc":{"Est. reading time":"9 minutes"},"schema":{"@context":"https:\/\/schema.org","@graph":[{"@type":"NewsArticle","@id":"https:\/\/ecorum.fi\/en\/leasing-services\/#article","isPartOf":{"@id":"https:\/\/ecorum.fi\/en\/leasing-services\/"},"author":{"name":"ecorumadmin1","@id":"https:\/\/ecorum.fi\/#\/schema\/person\/8ae9b6cb4dabc27b361a700ac8c1689b"},"headline":"For corporate clients","datePublished":"2023-01-24T05:25:28+00:00","dateModified":"2024-09-13T09:23:29+00:00","mainEntityOfPage":{"@id":"https:\/\/ecorum.fi\/en\/leasing-services\/"},"wordCount":24,"publisher":{"@id":"https:\/\/ecorum.fi\/#organization"},"image":{"@id":"https:\/\/ecorum.fi\/en\/leasing-services\/#primaryimage"},"thumbnailUrl":"https:\/\/ecorum.fi\/wp-content\/uploads\/2021\/10\/if-lasikatto-paakuvva.jpg","articleSection":["2 &#8211; Palvelut","2022"],"inLanguage":"en-US"},{"@type":["WebPage","RealEstateListing"],"@id":"https:\/\/ecorum.fi\/en\/leasing-services\/","url":"https:\/\/ecorum.fi\/en\/leasing-services\/","name":"Toimitilavuokraus Helsinki, Espoo, Vantaa | Ecorum | Ecorum","isPartOf":{"@id":"https:\/\/ecorum.fi\/#website"},"primaryImageOfPage":{"@id":"https:\/\/ecorum.fi\/en\/leasing-services\/#primaryimage"},"image":{"@id":"https:\/\/ecorum.fi\/en\/leasing-services\/#primaryimage"},"thumbnailUrl":"https:\/\/ecorum.fi\/wp-content\/uploads\/2021\/10\/if-lasikatto-paakuvva.jpg","datePublished":"2023-01-24T05:25:28+00:00","dateModified":"2024-09-13T09:23:29+00:00","description":"Kun toimitilahaku on ajankohtaista, Ecorum tarjoaa asiantuntevaa toimitilavuokrausta Helsingin, Espoon ja Vantaan alueella. Tutustu vuokrauspalveluumme!","breadcrumb":{"@id":"https:\/\/ecorum.fi\/en\/leasing-services\/#breadcrumb"},"inLanguage":"en-US","potentialAction":[{"@type":"ReadAction","target":["https:\/\/ecorum.fi\/en\/leasing-services\/"]}]},{"@type":"ImageObject","inLanguage":"en-US","@id":"https:\/\/ecorum.fi\/en\/leasing-services\/#primaryimage","url":"https:\/\/ecorum.fi\/wp-content\/uploads\/2021\/10\/if-lasikatto-paakuvva.jpg","contentUrl":"https:\/\/ecorum.fi\/wp-content\/uploads\/2021\/10\/if-lasikatto-paakuvva.jpg","width":1900,"height":1267},{"@type":"BreadcrumbList","@id":"https:\/\/ecorum.fi\/en\/leasing-services\/#breadcrumb","itemListElement":[{"@type":"ListItem","position":1,"name":"Home","item":"https:\/\/ecorum.fi\/"},{"@type":"ListItem","position":2,"name":"For corporate clients"}]},{"@type":"WebSite","@id":"https:\/\/ecorum.fi\/#website","url":"https:\/\/ecorum.fi\/","name":"Ecorum","description":"Kiinteist&ouml;kaupat, Vuokrauspalvelut, Kiinteist&ouml;kehitys","publisher":{"@id":"https:\/\/ecorum.fi\/#organization"},"potentialAction":[{"@type":"SearchAction","target":{"@type":"EntryPoint","urlTemplate":"https:\/\/ecorum.fi\/?s={search_term_string}"},"query-input":"required name=search_term_string"}],"inLanguage":"en-US"},{"@type":"Organization","@id":"https:\/\/ecorum.fi\/#organization","name":"Ecorum","url":"https:\/\/ecorum.fi\/","logo":{"@type":"ImageObject","inLanguage":"en-US","@id":"https:\/\/ecorum.fi\/#\/schema\/logo\/image\/","url":"https:\/\/ecorum.fi\/wp-content\/uploads\/2020\/08\/ecorum_logo.svg","contentUrl":"https:\/\/ecorum.fi\/wp-content\/uploads\/2020\/08\/ecorum_logo.svg","caption":"Ecorum"},"image":{"@id":"https:\/\/ecorum.fi\/#\/schema\/logo\/image\/"}},{"@type":"Person","@id":"https:\/\/ecorum.fi\/#\/schema\/person\/8ae9b6cb4dabc27b361a700ac8c1689b","name":"ecorumadmin1","sameAs":["https:\/\/ecorum.fi"],"url":"https:\/\/ecorum.fi\/en\/author\/ecorumadmin1\/"}]}},"_links":{"self":[{"href":"https:\/\/ecorum.fi\/en\/wp-json\/wp\/v2\/pages\/9719"}],"collection":[{"href":"https:\/\/ecorum.fi\/en\/wp-json\/wp\/v2\/pages"}],"about":[{"href":"https:\/\/ecorum.fi\/en\/wp-json\/wp\/v2\/types\/page"}],"author":[{"embeddable":true,"href":"https:\/\/ecorum.fi\/en\/wp-json\/wp\/v2\/users\/1"}],"replies":[{"embeddable":true,"href":"https:\/\/ecorum.fi\/en\/wp-json\/wp\/v2\/comments?post=9719"}],"version-history":[{"count":31,"href":"https:\/\/ecorum.fi\/en\/wp-json\/wp\/v2\/pages\/9719\/revisions"}],"predecessor-version":[{"id":11178,"href":"https:\/\/ecorum.fi\/en\/wp-json\/wp\/v2\/pages\/9719\/revisions\/11178"}],"wp:featuredmedia":[{"embeddable":true,"href":"https:\/\/ecorum.fi\/en\/wp-json\/wp\/v2\/media\/4804"}],"wp:attachment":[{"href":"https:\/\/ecorum.fi\/en\/wp-json\/wp\/v2\/media?parent=9719"}],"curies":[{"name":"wp","href":"https:\/\/api.w.org\/{rel}","templated":true}]}}